{"id":8014,"date":"2018-07-11T10:40:53","date_gmt":"2018-07-11T10:40:53","guid":{"rendered":"https:\/\/eagleestates.es\/contact-page\/"},"modified":"2018-10-13T13:12:15","modified_gmt":"2018-10-13T13:12:15","slug":"contacto","status":"publish","type":"page","link":"https:\/\/eagleestates.es\/es\/contacto\/","title":{"rendered":"Contacto"},"content":{"rendered":"<p>Siempre agradecemos sus comentarios y preguntas sobre la compra en Espa\u00f1a, especialmente en Cerros del \u00c1guila. Tanto viviendo como trabajando en la urbanizaci\u00f3n tenemos una gran experiencia en la integraci\u00f3n en la comunidad espa\u00f1ola. No solo estamos aqu\u00ed para encontrarle su hogar perfecto, sino que tambi\u00e9n estamos a su disposici\u00f3n para organizar su documentaci\u00f3n en espa\u00f1ol, ayudarlo con los viajes al ayuntamiento, el registro de la propiedad o la estaci\u00f3n de polic\u00eda. Ya sea que necesite que su jard\u00edn se mantenga, tenga un grifo con fugas o simplemente quiera hacernos preguntas sobre el \u00e1rea, \u00a1nuestra oficina est\u00e1 siempre aqu\u00ed para usted!<\/p>\n<p>Puede contactarnos por correo electr\u00f3nico directamente a: <img loading=\"lazy\" decoding=\"async\" class=\"alignnone size-full wp-image-9426\" src=\"https:\/\/eagleestates.es\/wp-content\/uploads\/2018\/10\/eagleestatesinfo.png\" alt=\"\" width=\"160\" height=\"21\" srcset=\"https:\/\/eagleestates.es\/wp-content\/uploads\/2018\/10\/eagleestatesinfo.png 160w, https:\/\/eagleestates.es\/wp-content\/uploads\/2018\/10\/eagleestatesinfo-150x21.png 150w\" sizes=\"auto, (max-width: 160px) 100vw, 160px\" \/><br \/>\n\n<div class=\"wpcf7 no-js\" id=\"wpcf7-f8006-o1\" lang=\"en-US\" dir=\"ltr\" data-wpcf7-id=\"8006\">\n<div class=\"screen-reader-response\"><p role=\"status\" aria-live=\"polite\" aria-atomic=\"true\"><\/p> <ul><\/ul><\/div>\n<form action=\"\/es\/wp-json\/wp\/v2\/pages\/8014#wpcf7-f8006-o1\" method=\"post\" class=\"wpcf7-form init\" aria-label=\"Contact form\" novalidate=\"novalidate\" data-status=\"init\">\n<fieldset class=\"hidden-fields-container\"><input type=\"hidden\" name=\"_wpcf7\" value=\"8006\" \/><input type=\"hidden\" name=\"_wpcf7_version\" value=\"6.1.5\" \/><input type=\"hidden\" name=\"_wpcf7_locale\" value=\"en_US\" \/><input type=\"hidden\" name=\"_wpcf7_unit_tag\" value=\"wpcf7-f8006-o1\" \/><input type=\"hidden\" name=\"_wpcf7_container_post\" value=\"0\" \/><input type=\"hidden\" name=\"_wpcf7_posted_data_hash\" value=\"\" \/><input type=\"hidden\" name=\"_wpcf7_recaptcha_response\" value=\"\" \/>\n<\/fieldset>\n<p><label> Your Name (required)<br \/>\n<span class=\"wpcf7-form-control-wrap\" data-name=\"your-name\"><input size=\"40\" maxlength=\"400\" class=\"wpcf7-form-control wpcf7-text wpcf7-validates-as-required\" aria-required=\"true\" aria-invalid=\"false\" value=\"\" type=\"text\" name=\"your-name\" \/><\/span> <\/label>\n<\/p>\n<p><label> Your Email (required)<br \/>\n<span class=\"wpcf7-form-control-wrap\" data-name=\"your-email\"><input size=\"40\" maxlength=\"400\" class=\"wpcf7-form-control wpcf7-email wpcf7-validates-as-required wpcf7-text wpcf7-validates-as-email\" aria-required=\"true\" aria-invalid=\"false\" value=\"\" type=\"email\" name=\"your-email\" \/><\/span> <\/label><br \/>\n<label>Your Telephone <\/label><br \/>\n<span class=\"wpcf7-form-control-wrap\" data-name=\"tel-781\"><input size=\"40\" maxlength=\"400\" class=\"wpcf7-form-control wpcf7-tel wpcf7-validates-as-required wpcf7-text wpcf7-validates-as-tel\" aria-required=\"true\" aria-invalid=\"false\" value=\"\" type=\"tel\" name=\"tel-781\" \/><\/span><br \/>\n<label> Subject<br \/>\n<span class=\"wpcf7-form-control-wrap\" data-name=\"your-subject\"><input size=\"40\" maxlength=\"400\" class=\"wpcf7-form-control wpcf7-text\" aria-invalid=\"false\" value=\"\" type=\"text\" name=\"your-subject\" \/><\/span> <\/label>\n<\/p>\n<p><label> Your Message<br \/>\n<span class=\"wpcf7-form-control-wrap\" data-name=\"your-message\"><textarea cols=\"40\" rows=\"10\" maxlength=\"2000\" class=\"wpcf7-form-control wpcf7-textarea\" aria-invalid=\"false\" name=\"your-message\"><\/textarea><\/span> <\/label><br \/>\n<label><br \/>\n[cf7sr-simple-recaptcha]<br \/>\n<\/label><br \/>\n<input class=\"wpcf7-form-control wpcf7-submit has-spinner\" type=\"submit\" value=\"Send\" \/>\n<\/p><p style=\"display: none !important;\" class=\"akismet-fields-container\" data-prefix=\"_wpcf7_ak_\"><label>&#916;<textarea name=\"_wpcf7_ak_hp_textarea\" cols=\"45\" rows=\"8\" maxlength=\"100\"><\/textarea><\/label><input type=\"hidden\" id=\"ak_js_1\" name=\"_wpcf7_ak_js\" value=\"215\"\/><script>document.getElementById( \"ak_js_1\" ).setAttribute( \"value\", ( new Date() ).getTime() );<\/script><\/p><div class=\"wpcf7-response-output\" aria-hidden=\"true\"><\/div>\n<\/form>\n<\/div>\n<\/p>\n","protected":false},"excerpt":{"rendered":"<p>Siempre agradecemos sus comentarios y preguntas sobre la compra en Espa\u00f1a, especialmente en Cerros del \u00c1guila. Tanto viviendo como trabajando en la urbanizaci\u00f3n tenemos una gran experiencia en la integraci\u00f3n en la comunidad espa\u00f1ola. No solo estamos aqu\u00ed para encontrarle su hogar perfecto, sino que tambi\u00e9n estamos a su disposici\u00f3n para organizar su documentaci\u00f3n en [&hellip;]<\/p>\n","protected":false},"author":1,"featured_media":0,"parent":0,"menu_order":0,"comment_status":"closed","ping_status":"closed","template":"page-templates\/full-width.php","meta":{"_acf_changed":false,"footnotes":""},"class_list":["post-8014","page","type-page","status-publish","hentry","clearfix"],"acf":[],"_links":{"self":[{"href":"https:\/\/eagleestates.es\/es\/wp-json\/wp\/v2\/pages\/8014","targetHints":{"allow":["GET"]}}],"collection":[{"href":"https:\/\/eagleestates.es\/es\/wp-json\/wp\/v2\/pages"}],"about":[{"href":"https:\/\/eagleestates.es\/es\/wp-json\/wp\/v2\/types\/page"}],"author":[{"embeddable":true,"href":"https:\/\/eagleestates.es\/es\/wp-json\/wp\/v2\/users\/1"}],"replies":[{"embeddable":true,"href":"https:\/\/eagleestates.es\/es\/wp-json\/wp\/v2\/comments?post=8014"}],"version-history":[{"count":3,"href":"https:\/\/eagleestates.es\/es\/wp-json\/wp\/v2\/pages\/8014\/revisions"}],"predecessor-version":[{"id":9429,"href":"https:\/\/eagleestates.es\/es\/wp-json\/wp\/v2\/pages\/8014\/revisions\/9429"}],"wp:attachment":[{"href":"https:\/\/eagleestates.es\/es\/wp-json\/wp\/v2\/media?parent=8014"}],"curies":[{"name":"wp","href":"https:\/\/api.w.org\/{rel}","templated":true}]}}