{"id":7128,"date":"2015-07-23T12:03:36","date_gmt":"2015-07-23T12:03:36","guid":{"rendered":"https:\/\/eagleestates.es\/home\/"},"modified":"2018-08-22T13:08:35","modified_gmt":"2018-08-22T13:08:35","slug":"home","status":"publish","type":"page","link":"https:\/\/eagleestates.es\/es\/","title":{"rendered":"Home"},"content":{"rendered":"<p>En Eagle Estates, nos enorgullecemos de brindar un servicio personalizado y amistoso. Estaremos con usted en cada paso del camino hacia su objetivo de comprar o vender una casa en la Costa del Sol. Conocemos el \u00e1rea local a fondo y tenemos informaci\u00f3n actualizada sobre el mercado de la vivienda. Eche un vistazo a nuestras \u00faltimas propiedades, estamos seguros de que encontrar\u00e1 algo que ser\u00e1 el hogar perfecto para usted y su familia.<\/p>\n","protected":false},"excerpt":{"rendered":"<p>En Eagle Estates, nos enorgullecemos de brindar un servicio personalizado y amistoso. Estaremos con usted en cada paso del camino hacia su objetivo de comprar o vender una casa en la Costa del Sol. Conocemos el \u00e1rea local a fondo y tenemos informaci\u00f3n actualizada sobre el mercado de la vivienda. Eche un vistazo a nuestras [&hellip;]<\/p>\n","protected":false},"author":1,"featured_media":0,"parent":0,"menu_order":0,"comment_status":"closed","ping_status":"open","template":"page-templates\/home.php","meta":{"_acf_changed":false,"footnotes":""},"class_list":["post-7128","page","type-page","status-publish","hentry","clearfix"],"acf":[],"_links":{"self":[{"href":"https:\/\/eagleestates.es\/es\/wp-json\/wp\/v2\/pages\/7128","targetHints":{"allow":["GET"]}}],"collection":[{"href":"https:\/\/eagleestates.es\/es\/wp-json\/wp\/v2\/pages"}],"about":[{"href":"https:\/\/eagleestates.es\/es\/wp-json\/wp\/v2\/types\/page"}],"author":[{"embeddable":true,"href":"https:\/\/eagleestates.es\/es\/wp-json\/wp\/v2\/users\/1"}],"replies":[{"embeddable":true,"href":"https:\/\/eagleestates.es\/es\/wp-json\/wp\/v2\/comments?post=7128"}],"version-history":[{"count":2,"href":"https:\/\/eagleestates.es\/es\/wp-json\/wp\/v2\/pages\/7128\/revisions"}],"predecessor-version":[{"id":9022,"href":"https:\/\/eagleestates.es\/es\/wp-json\/wp\/v2\/pages\/7128\/revisions\/9022"}],"wp:attachment":[{"href":"https:\/\/eagleestates.es\/es\/wp-json\/wp\/v2\/media?parent=7128"}],"curies":[{"name":"wp","href":"https:\/\/api.w.org\/{rel}","templated":true}]}}