{"id":7087,"date":"2018-06-18T22:30:00","date_gmt":"2018-06-18T22:30:00","guid":{"rendered":"https:\/\/eagleestates.es\/?page_id=7087"},"modified":"2025-10-21T14:30:19","modified_gmt":"2025-10-21T14:30:19","slug":"sobre-nosotros","status":"publish","type":"page","link":"https:\/\/eagleestates.es\/es\/sobre-nosotros\/","title":{"rendered":"Sobre nosotros"},"content":{"rendered":"\n<p>Eagle Estates se encuentra en la popular urbanizaci\u00f3n Cerros del \u00c1guila, a pocos minutos de la playa del Castillo de Fuengirola. La zona est\u00e1 a solo 20 minutos del Aeropuerto Internacional de M\u00e1laga, cerca del popular Centro Comercial y Complejo de Cines Miramar. La zona cuenta con 3 campos de golf profesionales, el Hip\u00f3dromo y est\u00e1 a pocos minutos del emblem\u00e1tico pueblo pesquero y mercado de La Cala de Mijas. Eagle Estates es propiedad de Haidee Stainton desde 1999.<\/p>\n\n\n\n<p>La urbanizaci\u00f3n, de origen dan\u00e9s, alberga una vibrante comunidad local compuesta por espa\u00f1oles, brit\u00e1nicos, holandeses, escandinavos, franceses y rusos. Cuenta con dos bares, un restaurante, un supermercado con pan reci\u00e9n horneado y una fant\u00e1stica zona comunitaria con piscina, pistas de tenis y un amplio jard\u00edn. Mucha gente se muda a Cerros por la amabilidad de su comunidad, con autobuses p\u00fablicos que ahora circulan a diario a la ciudad y autobuses escolares. Es ideal para familias j\u00f3venes que desean estar cerca de los servicios, pero lejos del bullicio de la costa.<\/p>\n\n\n\n<p>Disponemos de una amplia selecci\u00f3n de villas, casas adosadas, apartamentos, estudios y \u00e1ticos en Cerros del \u00c1guila, ofreciendo excelentes oportunidades de compra tanto para residentes como para compradores de segunda vivienda. Con a\u00f1os de experiencia en el sector inmobiliario local, Haidee y Mark poseen un profundo conocimiento de la urbanizaci\u00f3n, la gente local y las mejores ofertas disponibles en la zona.<\/p>\n\n\n\n<p>Eagle Estates cuenta con numerosas propiedades exclusivas y directas en la zona. Nuestra oficina habla ingl\u00e9s, espa\u00f1ol y dan\u00e9s. No olvide preguntar por nuestros servicios hipotecarios para compradores internacionales. Esperamos tener noticias suyas.<\/p>\n","protected":false},"excerpt":{"rendered":"<p>Eagle Estates se encuentra en la popular urbanizaci\u00f3n Cerros del \u00c1guila, a pocos minutos de la playa del Castillo de Fuengirola. La zona est\u00e1 a solo 20 minutos del Aeropuerto Internacional de M\u00e1laga, cerca del popular Centro Comercial y Complejo de Cines Miramar. La zona cuenta con 3 campos de golf profesionales, el Hip\u00f3dromo y [&hellip;]<\/p>\n","protected":false},"author":3,"featured_media":0,"parent":0,"menu_order":0,"comment_status":"closed","ping_status":"closed","template":"","meta":{"_acf_changed":false,"footnotes":""},"class_list":["post-7087","page","type-page","status-publish","hentry","clearfix"],"acf":[],"_links":{"self":[{"href":"https:\/\/eagleestates.es\/es\/wp-json\/wp\/v2\/pages\/7087","targetHints":{"allow":["GET"]}}],"collection":[{"href":"https:\/\/eagleestates.es\/es\/wp-json\/wp\/v2\/pages"}],"about":[{"href":"https:\/\/eagleestates.es\/es\/wp-json\/wp\/v2\/types\/page"}],"author":[{"embeddable":true,"href":"https:\/\/eagleestates.es\/es\/wp-json\/wp\/v2\/users\/3"}],"replies":[{"embeddable":true,"href":"https:\/\/eagleestates.es\/es\/wp-json\/wp\/v2\/comments?post=7087"}],"version-history":[{"count":2,"href":"https:\/\/eagleestates.es\/es\/wp-json\/wp\/v2\/pages\/7087\/revisions"}],"predecessor-version":[{"id":22032,"href":"https:\/\/eagleestates.es\/es\/wp-json\/wp\/v2\/pages\/7087\/revisions\/22032"}],"wp:attachment":[{"href":"https:\/\/eagleestates.es\/es\/wp-json\/wp\/v2\/media?parent=7087"}],"curies":[{"name":"wp","href":"https:\/\/api.w.org\/{rel}","templated":true}]}}