{"id":8013,"date":"2018-07-11T10:40:53","date_gmt":"2018-07-11T10:40:53","guid":{"rendered":"https:\/\/eagleestates.es\/contact-page\/"},"modified":"2018-10-13T13:10:51","modified_gmt":"2018-10-13T13:10:51","slug":"kontakt","status":"publish","type":"page","link":"https:\/\/eagleestates.es\/da\/kontakt\/","title":{"rendered":"Kontakt"},"content":{"rendered":"<p>Vi hilser altid feedback og sp\u00f8rgsm\u00e5l om k\u00f8b i Spanien, is\u00e6r i Cerros del Aguila. B\u00e5de leve og arbejde p\u00e5 urbaniseringen har vi et v\u00e6ld af erfaringer med at integrere i det spanske samfund. Vi er ikke kun her for at finde dig dit perfekte hjem, men ogs\u00e5 vi er klar til at sortere dine spanske papirarbejde, hj\u00e6lpe dig med ture til r\u00e5dhuset, landregistret eller politistationen. Uanset om du har brug for din have vedligeholdt, har et l\u00e6kker tryk eller blot vil stille os sp\u00f8rgsm\u00e5l om omr\u00e5det, er vores kontor altid her for dig!<\/p>\n<p>Du kan kontakte os via e-mail direkte p\u00e5:<br \/>\n<img loading=\"lazy\" decoding=\"async\" class=\"alignnone size-full wp-image-9426\" src=\"https:\/\/eagleestates.es\/wp-content\/uploads\/2018\/10\/eagleestatesinfo.png\" alt=\"\" width=\"160\" height=\"21\" srcset=\"https:\/\/eagleestates.es\/wp-content\/uploads\/2018\/10\/eagleestatesinfo.png 160w, https:\/\/eagleestates.es\/wp-content\/uploads\/2018\/10\/eagleestatesinfo-150x21.png 150w\" sizes=\"auto, (max-width: 160px) 100vw, 160px\" \/><\/p>\n\n<div class=\"wpcf7 no-js\" id=\"wpcf7-f8006-o1\" lang=\"en-US\" dir=\"ltr\" data-wpcf7-id=\"8006\">\n<div class=\"screen-reader-response\"><p role=\"status\" aria-live=\"polite\" aria-atomic=\"true\"><\/p> <ul><\/ul><\/div>\n<form action=\"\/da\/wp-json\/wp\/v2\/pages\/8013#wpcf7-f8006-o1\" method=\"post\" class=\"wpcf7-form init\" aria-label=\"Contact form\" novalidate=\"novalidate\" data-status=\"init\">\n<fieldset class=\"hidden-fields-container\"><input type=\"hidden\" name=\"_wpcf7\" value=\"8006\" \/><input type=\"hidden\" name=\"_wpcf7_version\" value=\"6.1.5\" \/><input type=\"hidden\" name=\"_wpcf7_locale\" value=\"en_US\" \/><input type=\"hidden\" name=\"_wpcf7_unit_tag\" value=\"wpcf7-f8006-o1\" \/><input type=\"hidden\" name=\"_wpcf7_container_post\" value=\"0\" \/><input type=\"hidden\" name=\"_wpcf7_posted_data_hash\" value=\"\" \/><input type=\"hidden\" name=\"_wpcf7_recaptcha_response\" value=\"\" \/>\n<\/fieldset>\n<p><label> Your Name (required)<br \/>\n<span class=\"wpcf7-form-control-wrap\" data-name=\"your-name\"><input size=\"40\" maxlength=\"400\" class=\"wpcf7-form-control wpcf7-text wpcf7-validates-as-required\" aria-required=\"true\" aria-invalid=\"false\" value=\"\" type=\"text\" name=\"your-name\" \/><\/span> <\/label>\n<\/p>\n<p><label> Your Email (required)<br \/>\n<span class=\"wpcf7-form-control-wrap\" data-name=\"your-email\"><input size=\"40\" maxlength=\"400\" class=\"wpcf7-form-control wpcf7-email wpcf7-validates-as-required wpcf7-text wpcf7-validates-as-email\" aria-required=\"true\" aria-invalid=\"false\" value=\"\" type=\"email\" name=\"your-email\" \/><\/span> <\/label><br \/>\n<label>Your Telephone <\/label><br \/>\n<span class=\"wpcf7-form-control-wrap\" data-name=\"tel-781\"><input size=\"40\" maxlength=\"400\" class=\"wpcf7-form-control wpcf7-tel wpcf7-validates-as-required wpcf7-text wpcf7-validates-as-tel\" aria-required=\"true\" aria-invalid=\"false\" value=\"\" type=\"tel\" name=\"tel-781\" \/><\/span><br \/>\n<label> Subject<br \/>\n<span class=\"wpcf7-form-control-wrap\" data-name=\"your-subject\"><input size=\"40\" maxlength=\"400\" class=\"wpcf7-form-control wpcf7-text\" aria-invalid=\"false\" value=\"\" type=\"text\" name=\"your-subject\" \/><\/span> <\/label>\n<\/p>\n<p><label> Your Message<br \/>\n<span class=\"wpcf7-form-control-wrap\" data-name=\"your-message\"><textarea cols=\"40\" rows=\"10\" maxlength=\"2000\" class=\"wpcf7-form-control wpcf7-textarea\" aria-invalid=\"false\" name=\"your-message\"><\/textarea><\/span> <\/label><br \/>\n<label><br \/>\n[cf7sr-simple-recaptcha]<br \/>\n<\/label><br \/>\n<input class=\"wpcf7-form-control wpcf7-submit has-spinner\" type=\"submit\" value=\"Send\" \/>\n<\/p><p style=\"display: none !important;\" class=\"akismet-fields-container\" data-prefix=\"_wpcf7_ak_\"><label>&#916;<textarea name=\"_wpcf7_ak_hp_textarea\" cols=\"45\" rows=\"8\" maxlength=\"100\"><\/textarea><\/label><input type=\"hidden\" id=\"ak_js_1\" name=\"_wpcf7_ak_js\" value=\"132\"\/><script>document.getElementById( \"ak_js_1\" ).setAttribute( \"value\", ( new Date() ).getTime() );<\/script><\/p><div class=\"wpcf7-response-output\" aria-hidden=\"true\"><\/div>\n<\/form>\n<\/div>\n\n","protected":false},"excerpt":{"rendered":"<p>Vi hilser altid feedback og sp\u00f8rgsm\u00e5l om k\u00f8b i Spanien, is\u00e6r i Cerros del Aguila. B\u00e5de leve og arbejde p\u00e5 urbaniseringen har vi et v\u00e6ld af erfaringer med at integrere i det spanske samfund. Vi er ikke kun her for at finde dig dit perfekte hjem, men ogs\u00e5 vi er klar til at sortere dine [&hellip;]<\/p>\n","protected":false},"author":1,"featured_media":0,"parent":0,"menu_order":0,"comment_status":"closed","ping_status":"closed","template":"page-templates\/full-width.php","meta":{"_acf_changed":false,"footnotes":""},"class_list":["post-8013","page","type-page","status-publish","hentry","clearfix"],"acf":[],"_links":{"self":[{"href":"https:\/\/eagleestates.es\/da\/wp-json\/wp\/v2\/pages\/8013","targetHints":{"allow":["GET"]}}],"collection":[{"href":"https:\/\/eagleestates.es\/da\/wp-json\/wp\/v2\/pages"}],"about":[{"href":"https:\/\/eagleestates.es\/da\/wp-json\/wp\/v2\/types\/page"}],"author":[{"embeddable":true,"href":"https:\/\/eagleestates.es\/da\/wp-json\/wp\/v2\/users\/1"}],"replies":[{"embeddable":true,"href":"https:\/\/eagleestates.es\/da\/wp-json\/wp\/v2\/comments?post=8013"}],"version-history":[{"count":3,"href":"https:\/\/eagleestates.es\/da\/wp-json\/wp\/v2\/pages\/8013\/revisions"}],"predecessor-version":[{"id":9428,"href":"https:\/\/eagleestates.es\/da\/wp-json\/wp\/v2\/pages\/8013\/revisions\/9428"}],"wp:attachment":[{"href":"https:\/\/eagleestates.es\/da\/wp-json\/wp\/v2\/media?parent=8013"}],"curies":[{"name":"wp","href":"https:\/\/api.w.org\/{rel}","templated":true}]}}