{"id":7127,"date":"2015-07-23T12:03:36","date_gmt":"2015-07-23T12:03:36","guid":{"rendered":"https:\/\/eagleestates.es\/home\/"},"modified":"2018-08-22T13:07:45","modified_gmt":"2018-08-22T13:07:45","slug":"home","status":"publish","type":"page","link":"https:\/\/eagleestates.es\/da\/","title":{"rendered":"Home"},"content":{"rendered":"<p>P\u00e5 Eagle Estates er vi stolte af at tilbyde en personlig og venlig service &#8211; vi vil v\u00e6re sammen med dig hvert skridt i vejen mod dit m\u00e5l om at k\u00f8be eller s\u00e6lge et hjem p\u00e5 Costa del Sol. Vi kender det lokale omr\u00e5de grundigt og har ajourf\u00f8rte oplysninger om boligmarkedet. Se p\u00e5 vores nyeste ejendomme, vi er sikre p\u00e5, at du vil finde noget, der vil v\u00e6re det perfekte hjem for dig og din familie.<\/p>\n","protected":false},"excerpt":{"rendered":"<p>P\u00e5 Eagle Estates er vi stolte af at tilbyde en personlig og venlig service &#8211; vi vil v\u00e6re sammen med dig hvert skridt i vejen mod dit m\u00e5l om at k\u00f8be eller s\u00e6lge et hjem p\u00e5 Costa del Sol. Vi kender det lokale omr\u00e5de grundigt og har ajourf\u00f8rte oplysninger om boligmarkedet. Se p\u00e5 vores nyeste [&hellip;]<\/p>\n","protected":false},"author":1,"featured_media":0,"parent":0,"menu_order":0,"comment_status":"closed","ping_status":"open","template":"page-templates\/home.php","meta":{"_acf_changed":false,"footnotes":""},"class_list":["post-7127","page","type-page","status-publish","hentry","clearfix"],"acf":[],"_links":{"self":[{"href":"https:\/\/eagleestates.es\/da\/wp-json\/wp\/v2\/pages\/7127","targetHints":{"allow":["GET"]}}],"collection":[{"href":"https:\/\/eagleestates.es\/da\/wp-json\/wp\/v2\/pages"}],"about":[{"href":"https:\/\/eagleestates.es\/da\/wp-json\/wp\/v2\/types\/page"}],"author":[{"embeddable":true,"href":"https:\/\/eagleestates.es\/da\/wp-json\/wp\/v2\/users\/1"}],"replies":[{"embeddable":true,"href":"https:\/\/eagleestates.es\/da\/wp-json\/wp\/v2\/comments?post=7127"}],"version-history":[{"count":1,"href":"https:\/\/eagleestates.es\/da\/wp-json\/wp\/v2\/pages\/7127\/revisions"}],"predecessor-version":[{"id":9021,"href":"https:\/\/eagleestates.es\/da\/wp-json\/wp\/v2\/pages\/7127\/revisions\/9021"}],"wp:attachment":[{"href":"https:\/\/eagleestates.es\/da\/wp-json\/wp\/v2\/media?parent=7127"}],"curies":[{"name":"wp","href":"https:\/\/api.w.org\/{rel}","templated":true}]}}