{"id":7091,"date":"2018-06-18T22:30:48","date_gmt":"2018-06-18T22:30:48","guid":{"rendered":"https:\/\/eagleestates.es\/?page_id=7091"},"modified":"2025-10-21T14:42:47","modified_gmt":"2025-10-21T14:42:47","slug":"om-os","status":"publish","type":"page","link":"https:\/\/eagleestates.es\/da\/om-os\/","title":{"rendered":"Om os"},"content":{"rendered":"\n<p>Eagle Estates ligger i den popul\u00e6re urbanisering Cerros del Aguila, kun f\u00e5 minutter inde i landet fra stranden ved Fuengirola Slot. Omr\u00e5det ligger kun 20 minutter fra Malaga Internationale Lufthavn, t\u00e6t p\u00e5 det popul\u00e6re Miramar Shopping Centre og Biografkompleks. Distriktet kan prale af 3 professionelle golfbaner, Hipodromo Horse Racing Course, og ligger f\u00e5 minutter fra den ikoniske fiskerlandsby og k\u00f8bstad La Cala de Mijas. Eagle Estates har v\u00e6ret ejet af Haidee Stainton siden 1999.<\/p>\n\n\n\n<p>Urbaniseringen blev oprindeligt dansk bygget og er nu hjemsted for et levende lokalsamfund best\u00e5ende af spaniere, britiske, hollandske skandinaver, franskm\u00e6nd og russere. Der er to lokale barer, en restaurant, et supermarked, der tilbyder friskbagt br\u00f8d, og et fantastisk f\u00e6llesskabsomr\u00e5de med en pool, tennisbaner og et stort haveomr\u00e5de. Mange mennesker flytter til &#8220;Cerros&#8221; p\u00e5 grund af det venlige samfund. Der k\u00f8rer nu regelm\u00e6ssige offentlige busser dagligt til byen, og med skolebusser er det ideelt for unge familier, der \u00f8nsker at v\u00e6re t\u00e6t p\u00e5 faciliteter, men v\u00e6k fra kystens travlhed.<\/p>\n\n\n\n<p>Vi har et bredt udvalg af villaer, r\u00e6kkehuse, lejligheder, studiolejligheder og penthouselejligheder i Cerros del Aguila, hvilket giver fremragende k\u00f8bsmuligheder for b\u00e5de beboere og k\u00f8bere af fritidshuse. Med mange \u00e5rs erfaring inden for lokal ejendomshandel har Haidee og Mark et indg\u00e5ende kendskab til urbaniseringen, lokalbefolkningen og de bedste kommende tilbud i omr\u00e5det.<\/p>\n\n\n\n<p>Eagle Estates har mange eksklusive, direkte ejendomme i omr\u00e5det. Vores kontor taler engelsk, spansk og dansk. Glem ikke at sp\u00f8rge om vores realkredittjenester for internationale k\u00f8bere. Vi ser frem til at h\u00f8re fra dig.<\/p>\n","protected":false},"excerpt":{"rendered":"<p>Eagle Estates ligger i den popul\u00e6re urbanisering Cerros del Aguila, kun f\u00e5 minutter inde i landet fra stranden ved Fuengirola Slot. Omr\u00e5det ligger kun 20 minutter fra Malaga Internationale Lufthavn, t\u00e6t p\u00e5 det popul\u00e6re Miramar Shopping Centre og Biografkompleks. Distriktet kan prale af 3 professionelle golfbaner, Hipodromo Horse Racing Course, og ligger f\u00e5 minutter fra [&hellip;]<\/p>\n","protected":false},"author":3,"featured_media":0,"parent":0,"menu_order":0,"comment_status":"closed","ping_status":"closed","template":"","meta":{"_acf_changed":false,"footnotes":""},"class_list":["post-7091","page","type-page","status-publish","hentry","clearfix"],"acf":[],"_links":{"self":[{"href":"https:\/\/eagleestates.es\/da\/wp-json\/wp\/v2\/pages\/7091","targetHints":{"allow":["GET"]}}],"collection":[{"href":"https:\/\/eagleestates.es\/da\/wp-json\/wp\/v2\/pages"}],"about":[{"href":"https:\/\/eagleestates.es\/da\/wp-json\/wp\/v2\/types\/page"}],"author":[{"embeddable":true,"href":"https:\/\/eagleestates.es\/da\/wp-json\/wp\/v2\/users\/3"}],"replies":[{"embeddable":true,"href":"https:\/\/eagleestates.es\/da\/wp-json\/wp\/v2\/comments?post=7091"}],"version-history":[{"count":2,"href":"https:\/\/eagleestates.es\/da\/wp-json\/wp\/v2\/pages\/7091\/revisions"}],"predecessor-version":[{"id":22033,"href":"https:\/\/eagleestates.es\/da\/wp-json\/wp\/v2\/pages\/7091\/revisions\/22033"}],"wp:attachment":[{"href":"https:\/\/eagleestates.es\/da\/wp-json\/wp\/v2\/media?parent=7091"}],"curies":[{"name":"wp","href":"https:\/\/api.w.org\/{rel}","templated":true}]}}